{"id":174,"date":"2026-02-17T16:07:48","date_gmt":"2026-02-17T16:07:48","guid":{"rendered":"https:\/\/diidi.net\/?page_id=174"},"modified":"2026-03-06T10:33:33","modified_gmt":"2026-03-06T10:33:33","slug":"diidi-sarl","status":"publish","type":"page","link":"https:\/\/diidi.net\/","title":{"rendered":"DIIDI SARL"},"content":{"rendered":"<h3 data-start=\"225\" data-end=\"287\"><img loading=\"lazy\" decoding=\"async\" class=\"alignnone size-full wp-image-166\" src=\"https:\/\/diidi.net\/wp-content\/uploads\/2026\/02\/cropped-142018091_101268485315217_4509345937531770663_n.jpg\" alt=\"\" width=\"1440\" height=\"1440\" srcset=\"https:\/\/diidi.net\/wp-content\/uploads\/2026\/02\/cropped-142018091_101268485315217_4509345937531770663_n.jpg 1440w, https:\/\/diidi.net\/wp-content\/uploads\/2026\/02\/cropped-142018091_101268485315217_4509345937531770663_n-300x300.jpg 300w, https:\/\/diidi.net\/wp-content\/uploads\/2026\/02\/cropped-142018091_101268485315217_4509345937531770663_n-1024x1024.jpg 1024w, https:\/\/diidi.net\/wp-content\/uploads\/2026\/02\/cropped-142018091_101268485315217_4509345937531770663_n-150x150.jpg 150w, https:\/\/diidi.net\/wp-content\/uploads\/2026\/02\/cropped-142018091_101268485315217_4509345937531770663_n-768x768.jpg 768w\" sizes=\"auto, (max-width: 1440px) 100vw, 1440px\" \/><\/h3>\n<h1 data-start=\"196\" data-end=\"219\">Pr\u00e9sentation de DIIDI<\/h1>\n<p data-start=\"221\" data-end=\"371\"><strong data-start=\"221\" data-end=\"230\">DIIDI<\/strong> est une <strong data-start=\"239\" data-end=\"267\">start-up agroalimentaire<\/strong> sp\u00e9cialis\u00e9e dans la production, la transformation et la commercialisation de produits agricoles locaux.<\/p>\n<p data-start=\"373\" data-end=\"628\">Notre projet consiste \u00e0 produire et transformer la <strong data-start=\"424\" data-end=\"455\">patate douce \u00e0 chair orange<\/strong> en <strong data-start=\"459\" data-end=\"514\">farine et en semoule enrichies aux amandes de cajou<\/strong>, destin\u00e9es principalement aux <strong data-start=\"545\" data-end=\"627\">enfants et aux personnes souffrant de carences nutritionnelles et immunitaires<\/strong>.<\/p>\n<p data-start=\"630\" data-end=\"927\">\u00c0 travers cette initiative, l\u2019entreprise souhaite apporter <strong data-start=\"689\" data-end=\"733\">une solution innovante \u00e0 la malnutrition<\/strong>, qui demeure l\u2019une des principales causes de d\u00e9c\u00e8s chez les enfants de moins de cinq ans en <span class=\"hover:entity-accent entity-underline inline cursor-pointer align-baseline\"><span class=\"whitespace-normal\">C\u00f4te d\u2019Ivoire<\/span><\/span>, malgr\u00e9 la richesse du pays en ressources agricoles nutritives.<\/p>\n<p data-start=\"929\" data-end=\"1141\">L\u2019une des causes majeures de cette situation est la <strong data-start=\"981\" data-end=\"1028\">perte post-r\u00e9colte des denr\u00e9es alimentaires<\/strong>, qui, selon la <span class=\"hover:entity-accent entity-underline inline cursor-pointer align-baseline\"><span class=\"whitespace-normal\">Organisation des Nations unies pour l\u2019alimentation et l\u2019agriculture<\/span><\/span>, varie entre <strong data-start=\"1095\" data-end=\"1111\">30 % et 50 %<\/strong> selon les produits agricoles.<\/p>\n<p data-start=\"1143\" data-end=\"1345\">Notre objectif est donc de <strong data-start=\"1170\" data-end=\"1247\">valoriser et vulgariser la consommation de la patate douce \u00e0 chair orange<\/strong>, un produit tr\u00e8s riche sur le plan nutritionnel mais encore peu connu et insuffisamment exploit\u00e9.<\/p>\n<p data-start=\"1347\" data-end=\"1585\">\u00c0 long terme, notre ambition est de devenir <strong data-start=\"1391\" data-end=\"1445\">un leader africain de l\u2019innovation agroalimentaire<\/strong>, en d\u00e9veloppant des produits locaux \u00e0 forte valeur nutritionnelle tout en contribuant \u00e0 <strong data-start=\"1534\" data-end=\"1584\">l\u2019autonomisation \u00e9conomique des femmes rurales<\/strong>.<\/p>\n<hr data-start=\"1587\" data-end=\"1590\">\n<h1 data-start=\"1592\" data-end=\"1609\">2. Notre vision<\/h1>\n<p data-start=\"1611\" data-end=\"1786\">Notre ambition est de devenir <strong data-start=\"1641\" data-end=\"1697\">un leader de l\u2019innovation agroalimentaire en Afrique<\/strong>, en donnant davantage de valeur aux ressources agricoles locales encore sous-exploit\u00e9es.<\/p>\n<hr data-start=\"1788\" data-end=\"1791\">\n<h1 data-start=\"1793\" data-end=\"1811\">3. Notre mission<\/h1>\n<p data-start=\"1813\" data-end=\"2024\">Notre mission est de <strong data-start=\"1834\" data-end=\"1923\">produire et proposer des aliments nutritifs issus des ressources agricoles africaines<\/strong>, tout en apportant <strong data-start=\"1943\" data-end=\"2023\">plus de saveurs africaines dans les habitudes alimentaires des consommateurs<\/strong>.<\/p>\n<hr data-start=\"2026\" data-end=\"2029\">\n<h1 data-start=\"2031\" data-end=\"2047\">4. Nos valeurs<\/h1>\n<p data-start=\"2049\" data-end=\"2126\">Nous pla\u00e7ons la <strong data-start=\"2065\" data-end=\"2099\">collaboration et la solidarit\u00e9<\/strong> au c\u0153ur de notre d\u00e9marche.<\/p>\n<p data-start=\"2128\" data-end=\"2276\">Notre philosophie repose sur un principe simple :<br data-start=\"2177\" data-end=\"2180\"><strong data-start=\"2180\" data-end=\"2233\">\u00eatre ensemble, faire ensemble et grandir ensemble<\/strong> avec nos consommateurs et nos partenaires.<\/p>\n<hr data-start=\"2278\" data-end=\"2281\">\n<h1 data-start=\"2283\" data-end=\"2301\">5. Nos objectifs<\/h1>\n<p data-start=\"2303\" data-end=\"2334\">Nos principaux objectifs sont :<\/p>\n<ul data-start=\"2336\" data-end=\"2922\">\n<li data-start=\"2336\" data-end=\"2474\">\n<p data-start=\"2338\" data-end=\"2474\">Donner plus de valeur aux ressources agricoles locales encore sous-exploit\u00e9es en cr\u00e9ant de nouvelles saveurs inspir\u00e9es de nos terroirs ;<\/p>\n<\/li>\n<li data-start=\"2475\" data-end=\"2590\">\n<p data-start=\"2477\" data-end=\"2590\">Promouvoir le riche patrimoine alimentaire africain \u00e0 travers des produits de qualit\u00e9 riches en micronutriments ;<\/p>\n<\/li>\n<li data-start=\"2591\" data-end=\"2682\">\n<p data-start=\"2593\" data-end=\"2682\">Cr\u00e9er un environnement de travail favorisant la productivit\u00e9 et la qualit\u00e9 des produits ;<\/p>\n<\/li>\n<li data-start=\"2683\" data-end=\"2815\">\n<p data-start=\"2685\" data-end=\"2815\">Se faire conna\u00eetre rapidement afin de conqu\u00e9rir une part significative du march\u00e9 et soutenir la croissance du chiffre d\u2019affaires ;<\/p>\n<\/li>\n<li data-start=\"2816\" data-end=\"2922\">\n<p data-start=\"2818\" data-end=\"2922\">Optimiser les co\u00fbts de production afin d\u2019assurer la rentabilit\u00e9 et la croissance rapide de l\u2019entreprise.<\/p>\n<\/li>\n<\/ul>\n<hr data-start=\"2924\" data-end=\"2927\">\n<h1 data-start=\"2929\" data-end=\"2953\">6. Notre impact social<\/h1>\n<p data-start=\"2955\" data-end=\"3101\">Sur le plan social, DIIDI souhaite <strong data-start=\"2990\" data-end=\"3042\">contribuer \u00e0 l\u2019autonomisation des femmes rurales<\/strong>, tout en favorisant leur \u00e9panouissement et leur bien-\u00eatre.<\/p>\n<p data-start=\"3103\" data-end=\"3232\">Pour y parvenir, nous organisons les femmes en <strong data-start=\"3150\" data-end=\"3176\">coop\u00e9ratives agricoles<\/strong> afin d\u2019assurer la production de nos mati\u00e8res premi\u00e8res.<\/p>\n<p data-start=\"3234\" data-end=\"3405\">Nous mettons \u00e9galement \u00e0 leur disposition <strong data-start=\"3276\" data-end=\"3331\">les moyens n\u00e9cessaires pour travailler efficacement<\/strong>, notamment l\u2019accompagnement technique et l\u2019organisation de la production.<\/p>\n<p data-start=\"3407\" data-end=\"3632\">\u00c0 ce jour, nous travaillons avec <strong data-start=\"3440\" data-end=\"3479\">20 femmes regroup\u00e9es en coop\u00e9rative<\/strong>, engag\u00e9es dans la production de <strong data-start=\"3512\" data-end=\"3555\">patate douce \u00e0 chair orange et de gombo<\/strong>, contribuant ainsi \u00e0 la cr\u00e9ation de revenus durables dans les zones rurales.<\/p>\n<p>&nbsp;<\/p>\n","protected":false},"excerpt":{"rendered":"<p>Pr\u00e9sentation de DIIDI DIIDI est une start-up agroalimentaire sp\u00e9cialis\u00e9e dans la production, la transformation et la commercialisation de produits agricoles locaux. Notre projet consiste \u00e0 produire et transformer la patate douce \u00e0 chair orange en farine et en semoule enrichies<\/p>\n<p><a href=\"https:\/\/diidi.net\/\" class=\"awp-btn awp-btn-secondary awp-btn-bubble\">Continue Reading<span class=\"screen-reader-text\">DIIDI SARL<\/span><i class=\"fa fa-arrow-right\"><\/i><span class=\"bubble_effect\"><span class=\"circle top-left\"><\/span><span class=\"circle top-left\"><\/span><span class=\"circle top-left\"><\/span>\t<span class=\"button effect-button\"><\/span><span class=\"circle bottom-right\"><\/span>\t<span class=\"circle bottom-right\"><\/span><span class=\"circle bottom-right\"><\/span><\/span><\/a><\/p>\n","protected":false},"author":1,"featured_media":0,"parent":0,"menu_order":0,"comment_status":"closed","ping_status":"closed","template":"","meta":{"ngg_post_thumbnail":0,"footnotes":""},"class_list":["post-174","page","type-page","status-publish","hentry"],"_links":{"self":[{"href":"https:\/\/diidi.net\/index.php?rest_route=\/wp\/v2\/pages\/174","targetHints":{"allow":["GET"]}}],"collection":[{"href":"https:\/\/diidi.net\/index.php?rest_route=\/wp\/v2\/pages"}],"about":[{"href":"https:\/\/diidi.net\/index.php?rest_route=\/wp\/v2\/types\/page"}],"author":[{"embeddable":true,"href":"https:\/\/diidi.net\/index.php?rest_route=\/wp\/v2\/users\/1"}],"replies":[{"embeddable":true,"href":"https:\/\/diidi.net\/index.php?rest_route=%2Fwp%2Fv2%2Fcomments&post=174"}],"version-history":[{"count":3,"href":"https:\/\/diidi.net\/index.php?rest_route=\/wp\/v2\/pages\/174\/revisions"}],"predecessor-version":[{"id":186,"href":"https:\/\/diidi.net\/index.php?rest_route=\/wp\/v2\/pages\/174\/revisions\/186"}],"wp:attachment":[{"href":"https:\/\/diidi.net\/index.php?rest_route=%2Fwp%2Fv2%2Fmedia&parent=174"}],"curies":[{"name":"wp","href":"https:\/\/api.w.org\/{rel}","templated":true}]}}