{"id":181,"date":"2026-03-06T10:11:42","date_gmt":"2026-03-06T10:11:42","guid":{"rendered":"https:\/\/diidi.net\/?page_id=181"},"modified":"2026-03-06T10:11:42","modified_gmt":"2026-03-06T10:11:42","slug":"presentation-de-linitiatrice-du-projet-diidi","status":"publish","type":"page","link":"https:\/\/diidi.net\/?page_id=181","title":{"rendered":"Pr\u00e9sentation de l\u2019initiatrice du projet DIIDI"},"content":{"rendered":"<p data-start=\"200\" data-end=\"343\">DIIDI est une entreprise cr\u00e9\u00e9e en ao\u00fbt 2020 par <strong data-start=\"248\" data-end=\"278\">Mademoiselle Arlette SEDJI<\/strong>, titulaire d\u2019un dipl\u00f4me d\u2019\u00e9tudes sup\u00e9rieures en communication.<\/p>\n<p data-start=\"345\" data-end=\"527\">Elle cumule <strong data-start=\"357\" data-end=\"410\">cinq ann\u00e9es d\u2019exp\u00e9rience dans le secteur agricole<\/strong>, dont <strong data-start=\"417\" data-end=\"492\">trois ann\u00e9es en tant que Directrice G\u00e9n\u00e9rale d\u2019une coop\u00e9rative agricole<\/strong> dans la r\u00e9gion de l\u2019Agneby-Tiassa.<\/p>\n<p data-start=\"529\" data-end=\"732\">Ce projet est n\u00e9 de sa <strong data-start=\"552\" data-end=\"586\">passion pour le monde agricole<\/strong> et de sa volont\u00e9 de contribuer au d\u00e9veloppement de ce secteur, <strong data-start=\"650\" data-end=\"731\">v\u00e9ritable pilier de l\u2019\u00e9conomie ivoirienne mais encore insuffisamment exploit\u00e9<\/strong>.<\/p>\n<p data-start=\"734\" data-end=\"995\">Dans le cadre du d\u00e9veloppement de son initiative, Mlle SEDJI a \u00e9galement b\u00e9n\u00e9fici\u00e9 du <strong data-start=\"820\" data-end=\"865\">programme d\u2019accompagnement \u201cENABLE Youth\u201d<\/strong>, mis en place par la <span class=\"hover:entity-accent entity-underline inline cursor-pointer align-baseline\"><span class=\"whitespace-normal\">Banque africaine de d\u00e9veloppement<\/span><\/span>, destin\u00e9 \u00e0 soutenir et encadrer les <strong data-start=\"961\" data-end=\"994\">jeunes agripreneurs africains<\/strong>.<\/p>\n<p data-start=\"997\" data-end=\"1278\">Ainsi, gr\u00e2ce \u00e0 <strong data-start=\"1012\" data-end=\"1116\">sa formation acad\u00e9mique, son exp\u00e9rience professionnelle dans le secteur agricole et sa d\u00e9termination<\/strong>, Mlle Arlette SEDJI dispose des comp\u00e9tences n\u00e9cessaires pour conduire avec succ\u00e8s le projet DIIDI et contribuer au d\u00e9veloppement durable de l\u2019agriculture locale.<\/p>\n","protected":false},"excerpt":{"rendered":"<p>DIIDI est une entreprise cr\u00e9\u00e9e en ao\u00fbt 2020 par Mademoiselle Arlette SEDJI, titulaire d\u2019un dipl\u00f4me d\u2019\u00e9tudes sup\u00e9rieures en communication. Elle cumule cinq ann\u00e9es d\u2019exp\u00e9rience dans le secteur agricole, dont trois ann\u00e9es en tant que Directrice G\u00e9n\u00e9rale d\u2019une coop\u00e9rative agricole dans<\/p>\n<p><a href=\"https:\/\/diidi.net\/?page_id=181\" class=\"awp-btn awp-btn-secondary awp-btn-bubble\">Continue Reading<span class=\"screen-reader-text\">Pr\u00e9sentation de l\u2019initiatrice du projet DIIDI<\/span><i class=\"fa fa-arrow-right\"><\/i><span class=\"bubble_effect\"><span class=\"circle top-left\"><\/span><span class=\"circle top-left\"><\/span><span class=\"circle top-left\"><\/span>\t<span class=\"button effect-button\"><\/span><span class=\"circle bottom-right\"><\/span>\t<span class=\"circle bottom-right\"><\/span><span class=\"circle bottom-right\"><\/span><\/span><\/a><\/p>\n","protected":false},"author":1,"featured_media":0,"parent":0,"menu_order":0,"comment_status":"closed","ping_status":"closed","template":"","meta":{"ngg_post_thumbnail":0,"footnotes":""},"class_list":["post-181","page","type-page","status-publish","hentry"],"_links":{"self":[{"href":"https:\/\/diidi.net\/index.php?rest_route=\/wp\/v2\/pages\/181","targetHints":{"allow":["GET"]}}],"collection":[{"href":"https:\/\/diidi.net\/index.php?rest_route=\/wp\/v2\/pages"}],"about":[{"href":"https:\/\/diidi.net\/index.php?rest_route=\/wp\/v2\/types\/page"}],"author":[{"embeddable":true,"href":"https:\/\/diidi.net\/index.php?rest_route=\/wp\/v2\/users\/1"}],"replies":[{"embeddable":true,"href":"https:\/\/diidi.net\/index.php?rest_route=%2Fwp%2Fv2%2Fcomments&post=181"}],"version-history":[{"count":2,"href":"https:\/\/diidi.net\/index.php?rest_route=\/wp\/v2\/pages\/181\/revisions"}],"predecessor-version":[{"id":187,"href":"https:\/\/diidi.net\/index.php?rest_route=\/wp\/v2\/pages\/181\/revisions\/187"}],"wp:attachment":[{"href":"https:\/\/diidi.net\/index.php?rest_route=%2Fwp%2Fv2%2Fmedia&parent=181"}],"curies":[{"name":"wp","href":"https:\/\/api.w.org\/{rel}","templated":true}]}}