{"id":29,"date":"2026-02-10T20:38:37","date_gmt":"2026-02-10T20:38:37","guid":{"rendered":"https:\/\/diidi.net\/?page_id=29"},"modified":"2026-03-06T10:50:00","modified_gmt":"2026-03-06T10:50:00","slug":"la-patate-a-chair-orange","status":"publish","type":"page","link":"https:\/\/diidi.net\/?page_id=29","title":{"rendered":"La patate douce \u00e0 chair orange"},"content":{"rendered":"<p data-start=\"54\" data-end=\"346\">La <strong data-start=\"57\" data-end=\"73\">patate douce<\/strong> (<em data-start=\"75\" data-end=\"92\">Ipomoea batatas<\/em>) est une plante tropicale de la famille des <strong data-start=\"137\" data-end=\"155\">convolvulac\u00e9es<\/strong>, cultiv\u00e9e pour ses racines tub\u00e9reuses riches en amidon. Elle existe en plusieurs vari\u00e9t\u00e9s dont les formes, tailles, couleurs de peau et de chair varient (blanche, jaune, orange ou violette).<\/p>\n<p data-start=\"348\" data-end=\"722\">La <strong data-start=\"351\" data-end=\"389\">patate douce \u00e0 chair orange (PDCO)<\/strong>, encore relativement r\u00e9cente dans plusieurs r\u00e9gions d\u2019<strong data-start=\"444\" data-end=\"485\"><span class=\"hover:entity-accent entity-underline inline cursor-pointer align-baseline\"><span class=\"whitespace-normal\">Afrique subsaharienne<\/span><\/span><\/strong>, notamment en <strong data-start=\"500\" data-end=\"541\"><span class=\"hover:entity-accent entity-underline inline cursor-pointer align-baseline\"><span class=\"whitespace-normal\">C\u00f4te d\u2019Ivoire<\/span><\/span><\/strong>, est particuli\u00e8rement nutritive. Elle est une excellente source de <strong data-start=\"609\" data-end=\"623\">vitamine A<\/strong> gr\u00e2ce \u00e0 sa forte teneur en <strong data-start=\"651\" data-end=\"668\">b\u00eata-carot\u00e8ne<\/strong>, que l\u2019organisme transforme facilement en vitamine A.<\/p>\n<p data-start=\"724\" data-end=\"1142\" data-is-last-node=\"\" data-is-only-node=\"\">La consommation d\u2019une petite racine bouillie d\u2019environ <strong data-start=\"779\" data-end=\"788\">125 g<\/strong> peut couvrir les <strong data-start=\"806\" data-end=\"843\">besoins journaliers en vitamine A<\/strong> des enfants et des femmes non allaitantes. Cela en fait un aliment essentiel pour lutter contre la <strong data-start=\"943\" data-end=\"968\">carence en vitamine A<\/strong>, responsable de nombreux cas de <strong data-start=\"1001\" data-end=\"1109\">c\u00e9cit\u00e9, de maladies et de d\u00e9c\u00e8s pr\u00e9matur\u00e9s chez les enfants de moins de cinq ans et les femmes enceintes<\/strong> dans plusieurs r\u00e9gions du monde.<\/p>\nngg_shortcode_0_placeholder\n<p>DIIDI produit, transforme et commercialise la patate douce \u00e0 chair orange en C\u00f4te d\u2019Ivoire sur une superficie de 2 hectares, en collaboration avec des coop\u00e9ratives de femmes engag\u00e9es dans la production agricole.<\/p>\n","protected":false},"excerpt":{"rendered":"<p>La patate douce (Ipomoea batatas) est une plante tropicale de la famille des convolvulac\u00e9es, cultiv\u00e9e pour ses racines tub\u00e9reuses riches en amidon. Elle existe en plusieurs vari\u00e9t\u00e9s dont les formes, tailles, couleurs de peau et de chair varient (blanche, jaune,<\/p>\n<p><a href=\"https:\/\/diidi.net\/?page_id=29\" class=\"awp-btn awp-btn-secondary awp-btn-bubble\">Continue Reading<span class=\"screen-reader-text\">La patate douce \u00e0 chair orange<\/span><i class=\"fa fa-arrow-right\"><\/i><span class=\"bubble_effect\"><span class=\"circle top-left\"><\/span><span class=\"circle top-left\"><\/span><span class=\"circle top-left\"><\/span>\t<span class=\"button effect-button\"><\/span><span class=\"circle bottom-right\"><\/span>\t<span class=\"circle bottom-right\"><\/span><span class=\"circle bottom-right\"><\/span><\/span><\/a><\/p>\n","protected":false},"author":1,"featured_media":0,"parent":0,"menu_order":0,"comment_status":"closed","ping_status":"closed","template":"","meta":{"ngg_post_thumbnail":0,"footnotes":""},"class_list":["post-29","page","type-page","status-publish","hentry"],"_links":{"self":[{"href":"https:\/\/diidi.net\/index.php?rest_route=\/wp\/v2\/pages\/29","targetHints":{"allow":["GET"]}}],"collection":[{"href":"https:\/\/diidi.net\/index.php?rest_route=\/wp\/v2\/pages"}],"about":[{"href":"https:\/\/diidi.net\/index.php?rest_route=\/wp\/v2\/types\/page"}],"author":[{"embeddable":true,"href":"https:\/\/diidi.net\/index.php?rest_route=\/wp\/v2\/users\/1"}],"replies":[{"embeddable":true,"href":"https:\/\/diidi.net\/index.php?rest_route=%2Fwp%2Fv2%2Fcomments&post=29"}],"version-history":[{"count":7,"href":"https:\/\/diidi.net\/index.php?rest_route=\/wp\/v2\/pages\/29\/revisions"}],"predecessor-version":[{"id":189,"href":"https:\/\/diidi.net\/index.php?rest_route=\/wp\/v2\/pages\/29\/revisions\/189"}],"wp:attachment":[{"href":"https:\/\/diidi.net\/index.php?rest_route=%2Fwp%2Fv2%2Fmedia&parent=29"}],"curies":[{"name":"wp","href":"https:\/\/api.w.org\/{rel}","templated":true}]}}