{"id":39,"date":"2026-02-10T21:12:24","date_gmt":"2026-02-10T21:12:24","guid":{"rendered":"https:\/\/diidi.net\/?page_id=39"},"modified":"2026-02-17T15:33:43","modified_gmt":"2026-02-17T15:33:43","slug":"durabilite","status":"publish","type":"page","link":"https:\/\/diidi.net\/?page_id=39","title":{"rendered":"Responsabilit\u00e9 et Durabilit\u00e9"},"content":{"rendered":"<h2 data-start=\"166\" data-end=\"221\"><strong><img loading=\"lazy\" decoding=\"async\" class=\"alignnone size-full wp-image-69\" src=\"https:\/\/diidi.net\/wp-content\/uploads\/2026\/02\/WhatsApp-Image-2026-02-12-at-11.53.18-1.jpeg\" alt=\"\" width=\"576\" height=\"1280\" srcset=\"https:\/\/diidi.net\/wp-content\/uploads\/2026\/02\/WhatsApp-Image-2026-02-12-at-11.53.18-1.jpeg 576w, https:\/\/diidi.net\/wp-content\/uploads\/2026\/02\/WhatsApp-Image-2026-02-12-at-11.53.18-1-135x300.jpeg 135w, https:\/\/diidi.net\/wp-content\/uploads\/2026\/02\/WhatsApp-Image-2026-02-12-at-11.53.18-1-461x1024.jpeg 461w\" sizes=\"auto, (max-width: 576px) 100vw, 576px\" \/><\/strong><\/h2>\n<h2 data-start=\"166\" data-end=\"221\">Durabilit\u00e9 et responsabilit\u00e9 sociale du projet DIIDI<\/h2>\n<p data-start=\"223\" data-end=\"456\"><strong data-start=\"223\" data-end=\"237\">DIIDI SARL<\/strong> s\u2019engage \u00e0 agir de mani\u00e8re responsable et durable dans la poursuite de son ambition de devenir un acteur local de r\u00e9f\u00e9rence dans la transformation de farines \u00e0 base de patate douce \u00e0 chair orange et d\u2019amandes de cajou.<\/p>\n<p data-start=\"458\" data-end=\"554\">L\u2019entreprise inscrit son d\u00e9veloppement dans une d\u00e9marche fond\u00e9e sur trois piliers essentiels :<\/p>\n<ul data-start=\"555\" data-end=\"672\">\n<li data-start=\"555\" data-end=\"589\">\n<p data-start=\"557\" data-end=\"589\"><strong data-start=\"557\" data-end=\"586\">la responsabilit\u00e9 sociale<\/strong>,<\/p>\n<\/li>\n<li data-start=\"590\" data-end=\"629\">\n<p data-start=\"592\" data-end=\"629\"><strong data-start=\"592\" data-end=\"626\">la durabilit\u00e9 environnementale<\/strong>,<\/p>\n<\/li>\n<li data-start=\"630\" data-end=\"672\">\n<p data-start=\"632\" data-end=\"672\"><strong data-start=\"632\" data-end=\"671\">la performance \u00e9conomique inclusive<\/strong>.<\/p>\n<\/li>\n<\/ul>\n<h3 data-start=\"674\" data-end=\"702\">1. Durabilit\u00e9 \u00e9conomique<\/h3>\n<p data-start=\"704\" data-end=\"784\">La mise en place d\u2019une <strong data-start=\"727\" data-end=\"772\">unit\u00e9 de transformation semi-industrielle<\/strong> permettra :<\/p>\n<ul data-start=\"786\" data-end=\"1089\">\n<li data-start=\"786\" data-end=\"893\">\n<p data-start=\"788\" data-end=\"893\">la ma\u00eetrise compl\u00e8te de la cha\u00eene de valeur (production, transformation, conditionnement, distribution) ;<\/p>\n<\/li>\n<li data-start=\"894\" data-end=\"963\">\n<p data-start=\"896\" data-end=\"963\">l\u2019am\u00e9lioration continue de la qualit\u00e9 nutritionnelle des produits ;<\/p>\n<\/li>\n<li data-start=\"964\" data-end=\"1004\">\n<p data-start=\"966\" data-end=\"1004\">la r\u00e9duction des pertes post-r\u00e9colte ;<\/p>\n<\/li>\n<li data-start=\"1005\" data-end=\"1089\">\n<p data-start=\"1007\" data-end=\"1089\">la satisfaction durable d\u2019une demande croissante en produits nutritionnels locaux.<\/p>\n<\/li>\n<\/ul>\n<p data-start=\"1091\" data-end=\"1198\">Ce mod\u00e8le \u00e9conomique garantit la viabilit\u00e9 financi\u00e8re du projet tout en assurant son autonomie progressive.<\/p>\n<h3 data-start=\"1200\" data-end=\"1225\">2. Durabilit\u00e9 sociale<\/h3>\n<p data-start=\"1227\" data-end=\"1254\">Le projet DIIDI constitue :<\/p>\n<ul data-start=\"1256\" data-end=\"1531\">\n<li data-start=\"1256\" data-end=\"1324\">\n<p data-start=\"1258\" data-end=\"1324\">un <strong data-start=\"1261\" data-end=\"1322\">projet pilote de nutrition infantile \u00e0 fort impact social<\/strong> ;<\/p>\n<\/li>\n<li data-start=\"1325\" data-end=\"1392\">\n<p data-start=\"1327\" data-end=\"1392\">un <strong data-start=\"1330\" data-end=\"1368\">mod\u00e8le communautaire reproductible<\/strong> dans d\u2019autres r\u00e9gions ;<\/p>\n<\/li>\n<li data-start=\"1393\" data-end=\"1531\">\n<p data-start=\"1395\" data-end=\"1531\">une <strong data-start=\"1399\" data-end=\"1453\">action concr\u00e8te en faveur des enfants et des m\u00e8res<\/strong>, fid\u00e8le \u00e0 la vision humanitaire port\u00e9e par la Premi\u00e8re Dame de C\u00f4te d\u2019Ivoire.<\/p>\n<\/li>\n<\/ul>\n<p data-start=\"1533\" data-end=\"1564\">L\u2019initiative permet notamment :<\/p>\n<ul data-start=\"1566\" data-end=\"1793\">\n<li data-start=\"1566\" data-end=\"1634\">\n<p data-start=\"1568\" data-end=\"1634\">la s\u00e9curisation de revenus durables pour les femmes productrices ;<\/p>\n<\/li>\n<li data-start=\"1635\" data-end=\"1681\">\n<p data-start=\"1637\" data-end=\"1681\">la cr\u00e9ation d\u2019emplois directs et indirects ;<\/p>\n<\/li>\n<li data-start=\"1682\" data-end=\"1734\">\n<p data-start=\"1684\" data-end=\"1734\">la contribution \u00e0 la s\u00e9curit\u00e9 alimentaire locale ;<\/p>\n<\/li>\n<li data-start=\"1735\" data-end=\"1793\">\n<p data-start=\"1737\" data-end=\"1793\">le renforcement de l\u2019autonomisation \u00e9conomique f\u00e9minine.<\/p>\n<\/li>\n<\/ul>\n<h3 data-start=\"1795\" data-end=\"1841\">3. Durabilit\u00e9 agricole et environnementale<\/h3>\n<p data-start=\"1843\" data-end=\"1940\">Dans la r\u00e9gion de l\u2019Agn\u00e9by-Tiassa, DIIDI SARL accompagne les agriculteurs partenaires \u00e0 travers :<\/p>\n<ul data-start=\"1942\" data-end=\"2214\">\n<li data-start=\"1942\" data-end=\"2001\">\n<p data-start=\"1944\" data-end=\"2001\">des formations techniques pour am\u00e9liorer les rendements ;<\/p>\n<\/li>\n<li data-start=\"2002\" data-end=\"2048\">\n<p data-start=\"2004\" data-end=\"2048\">la promotion de bonnes pratiques agricoles ;<\/p>\n<\/li>\n<li data-start=\"2049\" data-end=\"2130\">\n<p data-start=\"2051\" data-end=\"2130\">l\u2019encouragement \u00e0 des m\u00e9thodes de production respectueuses de l\u2019environnement ;<\/p>\n<\/li>\n<li data-start=\"2131\" data-end=\"2214\">\n<p data-start=\"2133\" data-end=\"2214\">l\u2019organisation en coop\u00e9ratives pour renforcer la structuration \u00e9conomique locale.<\/p>\n<\/li>\n<\/ul>\n<p data-start=\"2216\" data-end=\"2295\">L\u2019entreprise travaille en \u00e9troite collaboration avec ces coop\u00e9ratives afin de :<\/p>\n<ul data-start=\"2297\" data-end=\"2472\">\n<li data-start=\"2297\" data-end=\"2367\">\n<p data-start=\"2299\" data-end=\"2367\">d\u00e9velopper leurs capacit\u00e9s organisationnelles et entrepreneuriales ;<\/p>\n<\/li>\n<li data-start=\"2368\" data-end=\"2421\">\n<p data-start=\"2370\" data-end=\"2421\">am\u00e9liorer durablement leurs moyens de subsistance ;<\/p>\n<\/li>\n<li data-start=\"2422\" data-end=\"2472\">\n<p data-start=\"2424\" data-end=\"2472\">renforcer la r\u00e9silience des communaut\u00e9s rurales.<\/p>\n<\/li>\n<\/ul>\n<p data-start=\"2474\" data-end=\"2676\">Au-del\u00e0 de la production agricole, DIIDI contribue indirectement \u00e0 l\u2019am\u00e9lioration des conditions de vie des communaut\u00e9s locales, notamment par un meilleur acc\u00e8s aux revenus, \u00e0 la sant\u00e9 et \u00e0 l\u2019\u00e9ducation.<\/p>\n<p data-start=\"2474\" data-end=\"2676\"><img loading=\"lazy\" decoding=\"async\" class=\"alignnone  wp-image-83\" src=\"https:\/\/diidi.net\/wp-content\/uploads\/2026\/02\/WhatsApp-Image-2026-02-12-at-11.53.18-15.jpeg\" alt=\"\" width=\"639\" height=\"479\" srcset=\"https:\/\/diidi.net\/wp-content\/uploads\/2026\/02\/WhatsApp-Image-2026-02-12-at-11.53.18-15.jpeg 1280w, https:\/\/diidi.net\/wp-content\/uploads\/2026\/02\/WhatsApp-Image-2026-02-12-at-11.53.18-15-300x225.jpeg 300w, https:\/\/diidi.net\/wp-content\/uploads\/2026\/02\/WhatsApp-Image-2026-02-12-at-11.53.18-15-1024x768.jpeg 1024w, https:\/\/diidi.net\/wp-content\/uploads\/2026\/02\/WhatsApp-Image-2026-02-12-at-11.53.18-15-768x576.jpeg 768w\" sizes=\"auto, (max-width: 639px) 100vw, 639px\" \/><\/p>\n<hr data-start=\"2678\" data-end=\"2681\">\n<h3 data-start=\"2683\" data-end=\"2706\">Vision \u00e0 long terme<\/h3>\n<p data-start=\"2708\" data-end=\"3045\">DIIDI SARL ambitionne de b\u00e2tir un mod\u00e8le int\u00e9gr\u00e9 o\u00f9 la performance \u00e9conomique sert directement le progr\u00e8s social. En soutenant une production durable et responsable, l\u2019entreprise entend impacter positivement la vie des agriculteurs et de leurs familles, tout en r\u00e9pondant aux besoins nutritionnels croissants des populations vuln\u00e9rables.<\/p>\n<p data-start=\"3047\" data-end=\"3194\">Ainsi, la durabilit\u00e9 du projet ne repose pas uniquement sur sa rentabilit\u00e9, mais sur sa capacit\u00e9 \u00e0 g\u00e9n\u00e9rer un impact social structurant et p\u00e9renne.<\/p>\n<p data-start=\"3047\" data-end=\"3194\"><img loading=\"lazy\" decoding=\"async\" class=\"alignnone  wp-image-71\" src=\"https:\/\/diidi.net\/wp-content\/uploads\/2026\/02\/WhatsApp-Image-2026-02-12-at-11.53.18-3.jpeg\" alt=\"\" width=\"663\" height=\"497\" srcset=\"https:\/\/diidi.net\/wp-content\/uploads\/2026\/02\/WhatsApp-Image-2026-02-12-at-11.53.18-3.jpeg 1280w, https:\/\/diidi.net\/wp-content\/uploads\/2026\/02\/WhatsApp-Image-2026-02-12-at-11.53.18-3-300x225.jpeg 300w, https:\/\/diidi.net\/wp-content\/uploads\/2026\/02\/WhatsApp-Image-2026-02-12-at-11.53.18-3-1024x768.jpeg 1024w, https:\/\/diidi.net\/wp-content\/uploads\/2026\/02\/WhatsApp-Image-2026-02-12-at-11.53.18-3-768x576.jpeg 768w\" sizes=\"auto, (max-width: 663px) 100vw, 663px\" \/><\/p>\n","protected":false},"excerpt":{"rendered":"<p>Durabilit\u00e9 et responsabilit\u00e9 sociale du projet DIIDI DIIDI SARL s\u2019engage \u00e0 agir de mani\u00e8re responsable et durable dans la poursuite de son ambition de devenir un acteur local de r\u00e9f\u00e9rence dans la transformation de farines \u00e0 base de patate douce<\/p>\n<p><a href=\"https:\/\/diidi.net\/?page_id=39\" class=\"awp-btn awp-btn-secondary awp-btn-bubble\">Continue Reading<span class=\"screen-reader-text\">Responsabilit\u00e9 et Durabilit\u00e9<\/span><i class=\"fa fa-arrow-right\"><\/i><span class=\"bubble_effect\"><span class=\"circle top-left\"><\/span><span class=\"circle top-left\"><\/span><span class=\"circle top-left\"><\/span>\t<span class=\"button effect-button\"><\/span><span class=\"circle bottom-right\"><\/span>\t<span class=\"circle bottom-right\"><\/span><span class=\"circle bottom-right\"><\/span><\/span><\/a><\/p>\n","protected":false},"author":1,"featured_media":0,"parent":0,"menu_order":0,"comment_status":"closed","ping_status":"closed","template":"","meta":{"ngg_post_thumbnail":0,"footnotes":""},"class_list":["post-39","page","type-page","status-publish","hentry"],"_links":{"self":[{"href":"https:\/\/diidi.net\/index.php?rest_route=\/wp\/v2\/pages\/39","targetHints":{"allow":["GET"]}}],"collection":[{"href":"https:\/\/diidi.net\/index.php?rest_route=\/wp\/v2\/pages"}],"about":[{"href":"https:\/\/diidi.net\/index.php?rest_route=\/wp\/v2\/types\/page"}],"author":[{"embeddable":true,"href":"https:\/\/diidi.net\/index.php?rest_route=\/wp\/v2\/users\/1"}],"replies":[{"embeddable":true,"href":"https:\/\/diidi.net\/index.php?rest_route=%2Fwp%2Fv2%2Fcomments&post=39"}],"version-history":[{"count":4,"href":"https:\/\/diidi.net\/index.php?rest_route=\/wp\/v2\/pages\/39\/revisions"}],"predecessor-version":[{"id":173,"href":"https:\/\/diidi.net\/index.php?rest_route=\/wp\/v2\/pages\/39\/revisions\/173"}],"wp:attachment":[{"href":"https:\/\/diidi.net\/index.php?rest_route=%2Fwp%2Fv2%2Fmedia&parent=39"}],"curies":[{"name":"wp","href":"https:\/\/api.w.org\/{rel}","templated":true}]}}